{"id":652,"date":"2024-03-24T02:40:37","date_gmt":"2024-03-24T02:40:37","guid":{"rendered":"https:\/\/praktijkwegmetangst.nl\/?page_id=652"},"modified":"2024-06-13T00:35:03","modified_gmt":"2024-06-13T00:35:03","slug":"algemene-voorwaarden","status":"publish","type":"page","link":"https:\/\/praktijkwegmetangst.nl\/index.php\/algemene-voorwaarden\/","title":{"rendered":"Algemene Voorwaarden"},"content":{"rendered":"\t\t<div data-elementor-type=\"wp-page\" data-elementor-id=\"652\" class=\"elementor elementor-652\" data-elementor-post-type=\"page\">\n\t\t\t\t<div class=\"elementor-element elementor-element-39c9f545 e-flex e-con-boxed e-con e-parent\" data-id=\"39c9f545\" data-element_type=\"container\">\n\t\t\t\t\t<div class=\"e-con-inner\">\n\t\t<div class=\"elementor-element elementor-element-c24553e e-flex e-con-boxed e-con e-child\" data-id=\"c24553e\" data-element_type=\"container\">\n\t\t\t\t\t<div class=\"e-con-inner\">\n\t\t\t\t<div class=\"elementor-element elementor-element-93b2330 elementor-widget elementor-widget-heading\" data-id=\"93b2330\" data-element_type=\"widget\" data-widget_type=\"heading.default\">\n\t\t\t\t<div class=\"elementor-widget-container\">\n\t\t\t<style>\/*! elementor - v3.23.0 - 15-07-2024 *\/\n.elementor-heading-title{padding:0;margin:0;line-height:1}.elementor-widget-heading .elementor-heading-title[class*=elementor-size-]>a{color:inherit;font-size:inherit;line-height:inherit}.elementor-widget-heading .elementor-heading-title.elementor-size-small{font-size:15px}.elementor-widget-heading .elementor-heading-title.elementor-size-medium{font-size:19px}.elementor-widget-heading .elementor-heading-title.elementor-size-large{font-size:29px}.elementor-widget-heading .elementor-heading-title.elementor-size-xl{font-size:39px}.elementor-widget-heading .elementor-heading-title.elementor-size-xxl{font-size:59px}<\/style><h2 class=\"elementor-heading-title elementor-size-default\">Algemene Voowaarden<\/h2>\t\t<\/div>\n\t\t\t\t<\/div>\n\t\t\t\t\t<\/div>\n\t\t\t\t<\/div>\n\t\t\t\t<div class=\"elementor-element elementor-element-4410a6b elementor-widget elementor-widget-text-editor\" data-id=\"4410a6b\" data-element_type=\"widget\" data-widget_type=\"text-editor.default\">\n\t\t\t\t<div class=\"elementor-widget-container\">\n\t\t\t<style>\/*! elementor - v3.23.0 - 15-07-2024 *\/\n.elementor-widget-text-editor.elementor-drop-cap-view-stacked .elementor-drop-cap{background-color:#69727d;color:#fff}.elementor-widget-text-editor.elementor-drop-cap-view-framed .elementor-drop-cap{color:#69727d;border:3px solid;background-color:transparent}.elementor-widget-text-editor:not(.elementor-drop-cap-view-default) .elementor-drop-cap{margin-top:8px}.elementor-widget-text-editor:not(.elementor-drop-cap-view-default) .elementor-drop-cap-letter{width:1em;height:1em}.elementor-widget-text-editor .elementor-drop-cap{float:left;text-align:center;line-height:1;font-size:50px}.elementor-widget-text-editor .elementor-drop-cap-letter{display:inline-block}<\/style>\t\t\t\t<!-- wp:paragraph -->\n<p><strong>Artikel 1: Algemeen<\/strong><\/p>\n<!-- \/wp:paragraph -->\n\n<!-- wp:list {\"ordered\":true} -->\n<ol><!-- wp:list-item -->\n<li>Deze voorwaarden zijn van toepassing voor alle overeenkomsten tussen Sander, eigenaar en ervaringsdeskundig behandelaar van Praktijk Weg met Angst (vanaf heden samengevoegd onder de afgekorte noemer PWMA) en de cli\u00ebnt of derde.<\/li>\n<!-- \/wp:list-item --><\/ol>\n<!-- \/wp:list -->\n\n<!-- wp:paragraph -->\n<p><strong>Artikel 2 Uitvoering van de overeenkomst<\/strong><\/p>\n<!-- \/wp:paragraph -->\n\n<!-- wp:list {\"ordered\":true} -->\n<ol><!-- wp:list-item -->\n<li>Cli\u00ebnt draagt er zorg voor dat alle gegevens, waarvan PWMA aangeeft dat deze noodzakelijk zijn of waarvan de cli\u00ebnt redelijkerwijs behoort te begrijpen dat deze noodzakelijk zijn voor het uitvoeren van de overeenkomst, tijdig aan PWMA worden verstrekt. Indien de voor de uitvoering van de overeenkomst benodigde gegevens niet tijdig of naar waarheid aan PWMA zijn verstrekt, heeft PWMA het recht de uitvoering van de overeenkomst op te schorten en\/ of de uit de vertraging voortvloeiende extra kosten volgens de afgesproken tarieven aan de cli\u00ebnt in rekening te brengen.<\/li>\n<!-- \/wp:list-item -->\n\n<!-- wp:list-item -->\n<li>PWMA is niet aansprakelijk voor schade, van welke aard ook, doordat is uit gegaan van door cli\u00ebnt verstrekte onjuiste en \/ of onvolledige gegevens, tenzij deze onjuistheid of onvolledigheid voor PWMA kenbaar behoorde te zijn.<\/li>\n<!-- \/wp:list-item -->\n\n<!-- wp:list-item -->\n<li>Van de cli\u00ebnt wordt verder verwacht dat deze&nbsp;zo veel mogelijk met PWMA meewerkt en adviezen opvolgt.<\/li>\n<!-- \/wp:list-item --><\/ol>\n<!-- \/wp:list -->\n\n<!-- wp:paragraph -->\n<p><strong>Artikel 3 Kosten en afspraken ten aan zien van de overeenkomst<\/strong><\/p>\n<!-- \/wp:paragraph -->\n\n<!-- wp:list {\"ordered\":true} -->\n<ol><!-- wp:list-item -->\n<li>De kosten zijn vermeld op de website en tijdens de webinars, of worden kenbaar gemaakt aan de cli\u00ebnt tijdens de gratis ontstress-sessie. <\/li>\n<!-- \/wp:list-item -->\n\n<!-- wp:list-item -->\n<li>De factuur wordt bij de cli\u00ebnt in rekening gebracht. De cli\u00ebnt is zelf verantwoordelijk voor het informeren van een eventuele vergoeding van de zorgverzekeraar. PWMA is hiervoor nooit aansprakelijk of verantwoordelijk.<\/li>\n<!-- \/wp:list-item -->\n\n<!-- wp:list-item -->\n<li>PWMA is niet aansprakelijk of verantwoordelijk voor beslissingen van de zorgverzekeraar over het weigeren of toekennen van een vergoeding.<\/li>\n<!-- \/wp:list-item -->\n\n<!-- wp:list-item -->\n<li>PWMA dient de gesprekken op de afgesproken tijd met de cli\u00ebnt te laten beginnen.<\/li>\n<!-- \/wp:list-item -->\n\n<!-- wp:list-item -->\n<li>Indien de cli\u00ebnt te laat komt, wordt de duur van het gesprek bekort met de betreffende hoeveelheid tijd.<\/li>\n<!-- \/wp:list-item -->\n\n<!-- wp:list-item -->\n<li>Facturen worden alleen via de e-mail verstuurd.<\/li>\n<!-- \/wp:list-item -->\n\n<!-- wp:list-item -->\n<li>PWMA is niet aansprakelijk voor schade, van welke aard dan ook.<\/li>\n<!-- \/wp:list-item -->\n\n<!-- wp:list-item -->\n<li>Indien de cli\u00ebnt of PWMA door ziekte en andere overmachtsituaties niet in staat is de afspraak na te komen, dient de verhinderde partij dit maximaal 24 uur voor de afspraak te laten weten aan de andere partij. De afspraak zal dan kosteloos worden verzet. <\/li>\n<!-- \/wp:list-item -->\n\n<!-- wp:list-item -->\n<li>Indien de cli\u00ebnt binnen 24 uur de afspraak afzegt of niet komt opdagen, zal deze vervallen en wordt de volgende afspraak ingeplant, indien van toepassing.<\/li>\n<!-- \/wp:list-item -->\n\n<!-- wp:list-item -->\n<li>Indien PWMA binnen 24 uur de afspraak afzegt, zal deze niet vervallen en zal deze opnieuw worden ingeplant.<\/li>\n<!-- \/wp:list-item -->\n\n<!-- wp:list-item -->\n<li>Indien PWMA de afspraak moet afzeggen, heeft de cli\u00ebnt geen recht op compensatie. <\/li>\n<!-- \/wp:list-item --><\/ol>\n<!-- \/wp:list -->\n\n<!-- wp:paragraph -->\n<p><strong>Artikel 4 Betaling<\/strong><\/p>\n<!-- \/wp:paragraph -->\n\n<!-- wp:list {\"ordered\":true} -->\n<ol><!-- wp:list-item -->\n<li>Algemene betalingsvoorwaarden zijn van toepassing gedurende de overeenkomst. <\/li>\n<!-- \/wp:list-item -->\n\n<!-- wp:list-item -->\n<li>Alle betalingen dienen voorafgaand aan de eerste behandelsessie of uiterlijke betaaldatum vermeld op het factuur te zijn voldaan, tenzij:<\/li>\n<!-- \/wp:list-item -->\n\n<!-- wp:list-item -->\n<li>De cli\u00ebnt ervoor heeft gekozen of met PWMA een schriftelijke overeenkomst heeft de betaling in termijnen te kunnen voldoen. Het totaal van de behandelprijs worden vanwege extra administratieve handelingen voor deze betalingsmogelijkheid met 15% vermeerderd. Op deze vermeerdering kan de cli\u00ebnt geen bezwaar maken.<\/li>\n<!-- \/wp:list-item --><\/ol>\n<!-- \/wp:list -->\n\n<!-- wp:paragraph -->\n<p><strong>Artikel 5 Opzegging&nbsp;en be\u00ebindiging<\/strong><\/p>\n<!-- \/wp:paragraph -->\n\n<!-- wp:list {\"ordered\":true} -->\n<ol><!-- wp:list-item -->\n<li>Beide partijen kunnen de overeenkomst te allen tijde schriftelijk, mondeling en per email opzeggen.<\/li>\n<!-- \/wp:list-item -->\n\n<!-- wp:list-item -->\n<li>Indien de overeenkomst tussentijds wordt opgezegd door de cli\u00ebnt, heeft PWMA recht op compensatie vanwege het daardoor ontstane en aannemelijk te maken bezettingsverlies, tenzij er feiten en omstandigheden aan de opzegging ten grondslag liggen die aan PWMA zijn toe te rekenen. Voorts is cli\u00ebnt dan gehouden tot betaling van de declaraties voor tot dan toe verrichte werkzaamheden. De voorlopige resultaten van de tot dan toe verrichte werkzaamheden zullen dan ook onder voorbehoud ter beschikking worden gesteld aan cli\u00ebnt.<\/li>\n<!-- \/wp:list-item -->\n\n<!-- wp:list-item -->\n<li>PWMA heeft het recht de behandeling of het behandelgesprek onmiddellijk te be\u00ebindigen indien de cli\u00ebnt zich misdraagt, door bijvoorbeeld bedreigingen, de cli\u00ebnt gewelddadig is of onder invloed van middelen als alcohol en drugs verkeert. Er kan aangifte bij de politie worden gedaan. Als u iets beschadigd aan de eigendommen die van PWMA zijn ontvangt u daarvan een factuur.<\/li>\n<!-- \/wp:list-item -->\n\n<!-- wp:list-item -->\n<li>Tijdens de behandelingsovereenkomst is er de mogelijkheid dat PWMA de cli\u00ebnt naar een andere praktijk of instantie doorverwijst omdat u daar beter geholpen kunt worden. Uiteraard zal PWMA de cli\u00ebnt hiervan op de hoogte stellen. <\/li>\n<!-- \/wp:list-item -->\n\n<!-- wp:list-item -->\n<li>Indien PWMA de cli\u00ebnt doorverwijst naar een andere praktijk of instantie, kan PWMA een gedeelte van de betaling van de cli\u00ebnt terugbetalen afhankelijk van de hoeveelheid behandelsessies die de cli\u00ebnt nog over heeft, tenzij dit maximaal 2 resterende behandelsessies bedraagt.<\/li>\n<!-- \/wp:list-item --><\/ol>\n<!-- \/wp:list -->\n\n<!-- wp:paragraph -->\n<p><strong>Artikel 6 Het recht van privacy van de cli\u00ebnt<\/strong><\/p>\n<!-- \/wp:paragraph -->\n\n<!-- wp:list {\"ordered\":true} -->\n<ol><!-- wp:list-item -->\n<li>De gegevens van de cli\u00ebnt worden vertrouwelijk behandeld. Cli\u00ebntgegevens mogen niet zonder&nbsp;toestemming van de cli\u00ebnt aan derden worden verstrekt.<\/li>\n<!-- \/wp:list-item --><\/ol>\n<!-- \/wp:list -->\n\n<!-- wp:paragraph -->\n<p><strong>Artikel 7 Klachten<\/strong><\/p>\n<!-- \/wp:paragraph -->\n\n<!-- wp:list {\"ordered\":true} -->\n<ol><!-- wp:list-item -->\n<li>Indien de cli\u00ebnt een klacht&nbsp;heeft over het beroepsmatig functioneren van PWMA, bepreekt PWMA dit graag met u in een persoonlijk gesprek. U mag ook altijd mailen of bellen.<\/li>\n<!-- \/wp:list-item -->\n\n<!-- wp:list-item -->\n<li>Indien de cli\u00ebnt zich in een gesprek met PWMA onvoldoende met zijn\/haar klacht geholpen voelt, kan contact worden opgenomen met de geschillencommissie. <\/li>\n<!-- \/wp:list-item --><\/ol>\n<!-- \/wp:list -->\n\n<!-- wp:paragraph -->\n<p><\/p>\n<!-- \/wp:paragraph -->\t\t\t\t\t\t<\/div>\n\t\t\t\t<\/div>\n\t\t\t\t\t<\/div>\n\t\t\t\t<\/div>\n\t\t\t\t<\/div>\n\t\t","protected":false},"excerpt":{"rendered":"<p>Algemene Voowaarden Artikel 1: Algemeen Artikel 2 Uitvoering van de overeenkomst Artikel 3 Kosten en afspraken ten aan zien van de overeenkomst Artikel 4 Betaling Artikel 5 Opzegging&nbsp;en be\u00ebindiging Artikel 6 Het recht van privacy van de cli\u00ebnt Artikel 7 Klachten<\/p>\n","protected":false},"author":1,"featured_media":0,"parent":0,"menu_order":0,"comment_status":"closed","ping_status":"closed","template":"","meta":{"footnotes":""},"class_list":["post-652","page","type-page","status-publish","hentry"],"yoast_head":"<!-- This site is optimized with the Yoast SEO plugin v23.0 - https:\/\/yoast.com\/wordpress\/plugins\/seo\/ -->\n<title>Algemene Voorwaarden - Praktijk Weg met Angst<\/title>\n<meta name=\"robots\" content=\"index, follow, max-snippet:-1, max-image-preview:large, max-video-preview:-1\" \/>\n<link rel=\"canonical\" href=\"https:\/\/praktijkwegmetangst.nl\/index.php\/algemene-voorwaarden\/\" \/>\n<meta property=\"og:locale\" content=\"nl_NL\" \/>\n<meta property=\"og:type\" content=\"article\" \/>\n<meta property=\"og:title\" content=\"Algemene Voorwaarden - Praktijk Weg met Angst\" \/>\n<meta property=\"og:description\" content=\"Algemene Voowaarden Artikel 1: Algemeen Artikel 2 Uitvoering van de overeenkomst Artikel 3 Kosten en afspraken ten aan zien van de overeenkomst Artikel 4 Betaling Artikel 5 Opzegging&nbsp;en be\u00ebindiging Artikel 6 Het recht van privacy van de cli\u00ebnt Artikel 7 Klachten\" \/>\n<meta property=\"og:url\" content=\"https:\/\/praktijkwegmetangst.nl\/index.php\/algemene-voorwaarden\/\" \/>\n<meta property=\"og:site_name\" content=\"Praktijk Weg met Angst\" \/>\n<meta property=\"article:modified_time\" content=\"2024-06-13T00:35:03+00:00\" \/>\n<meta name=\"twitter:card\" content=\"summary_large_image\" \/>\n<meta name=\"twitter:label1\" content=\"Geschatte leestijd\" \/>\n\t<meta name=\"twitter:data1\" content=\"4 minuten\" \/>\n<script type=\"application\/ld+json\" class=\"yoast-schema-graph\">{\"@context\":\"https:\/\/schema.org\",\"@graph\":[{\"@type\":\"WebPage\",\"@id\":\"https:\/\/praktijkwegmetangst.nl\/index.php\/algemene-voorwaarden\/\",\"url\":\"https:\/\/praktijkwegmetangst.nl\/index.php\/algemene-voorwaarden\/\",\"name\":\"Algemene Voorwaarden - Praktijk Weg met Angst\",\"isPartOf\":{\"@id\":\"https:\/\/praktijkwegmetangst.nl\/#website\"},\"datePublished\":\"2024-03-24T02:40:37+00:00\",\"dateModified\":\"2024-06-13T00:35:03+00:00\",\"breadcrumb\":{\"@id\":\"https:\/\/praktijkwegmetangst.nl\/index.php\/algemene-voorwaarden\/#breadcrumb\"},\"inLanguage\":\"nl-NL\",\"potentialAction\":[{\"@type\":\"ReadAction\",\"target\":[\"https:\/\/praktijkwegmetangst.nl\/index.php\/algemene-voorwaarden\/\"]}]},{\"@type\":\"BreadcrumbList\",\"@id\":\"https:\/\/praktijkwegmetangst.nl\/index.php\/algemene-voorwaarden\/#breadcrumb\",\"itemListElement\":[{\"@type\":\"ListItem\",\"position\":1,\"name\":\"Home\",\"item\":\"https:\/\/praktijkwegmetangst.nl\/\"},{\"@type\":\"ListItem\",\"position\":2,\"name\":\"Algemene Voorwaarden\"}]},{\"@type\":\"WebSite\",\"@id\":\"https:\/\/praktijkwegmetangst.nl\/#website\",\"url\":\"https:\/\/praktijkwegmetangst.nl\/\",\"name\":\"Praktijk Weg met Angst\",\"description\":\"\",\"potentialAction\":[{\"@type\":\"SearchAction\",\"target\":{\"@type\":\"EntryPoint\",\"urlTemplate\":\"https:\/\/praktijkwegmetangst.nl\/?s={search_term_string}\"},\"query-input\":\"required name=search_term_string\"}],\"inLanguage\":\"nl-NL\"}]}<\/script>\n<!-- \/ Yoast SEO plugin. -->","yoast_head_json":{"title":"Algemene Voorwaarden - Praktijk Weg met Angst","robots":{"index":"index","follow":"follow","max-snippet":"max-snippet:-1","max-image-preview":"max-image-preview:large","max-video-preview":"max-video-preview:-1"},"canonical":"https:\/\/praktijkwegmetangst.nl\/index.php\/algemene-voorwaarden\/","og_locale":"nl_NL","og_type":"article","og_title":"Algemene Voorwaarden - Praktijk Weg met Angst","og_description":"Algemene Voowaarden Artikel 1: Algemeen Artikel 2 Uitvoering van de overeenkomst Artikel 3 Kosten en afspraken ten aan zien van de overeenkomst Artikel 4 Betaling Artikel 5 Opzegging&nbsp;en be\u00ebindiging Artikel 6 Het recht van privacy van de cli\u00ebnt Artikel 7 Klachten","og_url":"https:\/\/praktijkwegmetangst.nl\/index.php\/algemene-voorwaarden\/","og_site_name":"Praktijk Weg met Angst","article_modified_time":"2024-06-13T00:35:03+00:00","twitter_card":"summary_large_image","twitter_misc":{"Geschatte leestijd":"4 minuten"},"schema":{"@context":"https:\/\/schema.org","@graph":[{"@type":"WebPage","@id":"https:\/\/praktijkwegmetangst.nl\/index.php\/algemene-voorwaarden\/","url":"https:\/\/praktijkwegmetangst.nl\/index.php\/algemene-voorwaarden\/","name":"Algemene Voorwaarden - Praktijk Weg met Angst","isPartOf":{"@id":"https:\/\/praktijkwegmetangst.nl\/#website"},"datePublished":"2024-03-24T02:40:37+00:00","dateModified":"2024-06-13T00:35:03+00:00","breadcrumb":{"@id":"https:\/\/praktijkwegmetangst.nl\/index.php\/algemene-voorwaarden\/#breadcrumb"},"inLanguage":"nl-NL","potentialAction":[{"@type":"ReadAction","target":["https:\/\/praktijkwegmetangst.nl\/index.php\/algemene-voorwaarden\/"]}]},{"@type":"BreadcrumbList","@id":"https:\/\/praktijkwegmetangst.nl\/index.php\/algemene-voorwaarden\/#breadcrumb","itemListElement":[{"@type":"ListItem","position":1,"name":"Home","item":"https:\/\/praktijkwegmetangst.nl\/"},{"@type":"ListItem","position":2,"name":"Algemene Voorwaarden"}]},{"@type":"WebSite","@id":"https:\/\/praktijkwegmetangst.nl\/#website","url":"https:\/\/praktijkwegmetangst.nl\/","name":"Praktijk Weg met Angst","description":"","potentialAction":[{"@type":"SearchAction","target":{"@type":"EntryPoint","urlTemplate":"https:\/\/praktijkwegmetangst.nl\/?s={search_term_string}"},"query-input":"required name=search_term_string"}],"inLanguage":"nl-NL"}]}},"_links":{"self":[{"href":"https:\/\/praktijkwegmetangst.nl\/index.php\/wp-json\/wp\/v2\/pages\/652","targetHints":{"allow":["GET"]}}],"collection":[{"href":"https:\/\/praktijkwegmetangst.nl\/index.php\/wp-json\/wp\/v2\/pages"}],"about":[{"href":"https:\/\/praktijkwegmetangst.nl\/index.php\/wp-json\/wp\/v2\/types\/page"}],"author":[{"embeddable":true,"href":"https:\/\/praktijkwegmetangst.nl\/index.php\/wp-json\/wp\/v2\/users\/1"}],"replies":[{"embeddable":true,"href":"https:\/\/praktijkwegmetangst.nl\/index.php\/wp-json\/wp\/v2\/comments?post=652"}],"version-history":[{"count":10,"href":"https:\/\/praktijkwegmetangst.nl\/index.php\/wp-json\/wp\/v2\/pages\/652\/revisions"}],"predecessor-version":[{"id":1165,"href":"https:\/\/praktijkwegmetangst.nl\/index.php\/wp-json\/wp\/v2\/pages\/652\/revisions\/1165"}],"wp:attachment":[{"href":"https:\/\/praktijkwegmetangst.nl\/index.php\/wp-json\/wp\/v2\/media?parent=652"}],"curies":[{"name":"wp","href":"https:\/\/api.w.org\/{rel}","templated":true}]}}